{"id":690,"date":"2025-01-31T09:00:02","date_gmt":"2025-01-31T09:00:02","guid":{"rendered":"https:\/\/konemull.ee\/?post_type=product&#038;p=690"},"modified":"2025-10-30T20:24:51","modified_gmt":"2025-10-30T20:24:51","slug":"osastava-kaande-oppemang","status":"publish","type":"product","link":"https:\/\/www.konemull.ee\/en\/product\/osastava-kaande-oppemang\/","title":{"rendered":"Osastava k\u00e4\u00e4nde \u00f5ppem\u00e4ng"},"content":{"rendered":"","protected":false},"excerpt":{"rendered":"<p class=\"cvGsUA direction-ltr align-start para-style-body\"><span class=\"OYPEnA font-feature-liga-off font-feature-clig-off font-feature-calt-off text-decoration-none text-strikethrough-none\">M\u00e4ngu abil on v\u00f5imalik lastele \u00f5petada osastava k\u00e4\u00e4nde erinevaid l\u00f5puvariante. Pildimaterjal on kategoriseeritud l\u00f5puvariantide j\u00e4rgi ning kategooriad on t\u00e4histatud erinevate v\u00e4rvidega, et pilte lihtsam eristada oleks.<\/span><\/p>\n<p class=\"cvGsUA direction-ltr align-start para-style-body\"><span class=\"OYPEnA font-feature-liga-off font-feature-clig-off font-feature-calt-off text-decoration-none text-strikethrough-none\">Pildimaterjali toel saab lastele \u00f5petada ka osastava k\u00e4\u00e4nde ainsuse ja mitmuse eristamist.<\/span><\/p>\n<p>&nbsp;<\/p>\n<p>L\u00f5puvariantide kinnistamiseks on komplektis kolm m\u00e4ngu:<\/p>\n<ul>\n<li>K\u00e4\u00e4ndekollid<\/li>\n<li>Supi keetmine<\/li>\n<li>Mida sa aknast n\u00e4ed?<\/li>\n<\/ul>\n<p>&nbsp;<\/p>\n<p><em>NB! PDF-formaadis m\u00e4ngud saate alla laadida kohe p\u00e4rast tasumist veebilehelt v\u00f5i e-mailile saadetud arvelt.<\/em><\/p>","protected":false},"featured_media":693,"comment_status":"open","ping_status":"closed","template":"","meta":{"site-sidebar-layout":"default","site-content-layout":"","ast-site-content-layout":"default","site-content-style":"default","site-sidebar-style":"default","ast-global-header-display":"","ast-banner-title-visibility":"","ast-main-header-display":"","ast-hfb-above-header-display":"","ast-hfb-below-header-display":"","ast-hfb-mobile-header-display":"","site-post-title":"","ast-breadcrumbs-content":"","ast-featured-img":"","footer-sml-layout":"","ast-disable-related-posts":"","theme-transparent-header-meta":"default","adv-header-id-meta":"","stick-header-meta":"","header-above-stick-meta":"","header-main-stick-meta":"","header-below-stick-meta":"","astra-migrate-meta-layouts":"set","ast-page-background-enabled":"default","ast-page-background-meta":{"desktop":{"background-color":"var(--ast-global-color-4)","background-image":"","background-repeat":"repeat","background-position":"center center","background-size":"auto","background-attachment":"scroll","background-type":"","background-media":"","overlay-type":"","overlay-color":"","overlay-opacity":"","overlay-gradient":""},"tablet":{"background-color":"","background-image":"","background-repeat":"repeat","background-position":"center center","background-size":"auto","background-attachment":"scroll","background-type":"","background-media":"","overlay-type":"","overlay-color":"","overlay-opacity":"","overlay-gradient":""},"mobile":{"background-color":"","background-image":"","background-repeat":"repeat","background-position":"center center","background-size":"auto","background-attachment":"scroll","background-type":"","background-media":"","overlay-type":"","overlay-color":"","overlay-opacity":"","overlay-gradient":""}},"ast-content-background-meta":{"desktop":{"background-color":"var(--ast-global-color-5)","background-image":"","background-repeat":"repeat","background-position":"center center","background-size":"auto","background-attachment":"scroll","background-type":"","background-media":"","overlay-type":"","overlay-color":"","overlay-opacity":"","overlay-gradient":""},"tablet":{"background-color":"var(--ast-global-color-5)","background-image":"","background-repeat":"repeat","background-position":"center center","background-size":"auto","background-attachment":"scroll","background-type":"","background-media":"","overlay-type":"","overlay-color":"","overlay-opacity":"","overlay-gradient":""},"mobile":{"background-color":"var(--ast-global-color-5)","background-image":"","background-repeat":"repeat","background-position":"center center","background-size":"auto","background-attachment":"scroll","background-type":"","background-media":"","overlay-type":"","overlay-color":"","overlay-opacity":"","overlay-gradient":""}}},"product_brand":[],"product_cat":[28],"product_tag":[],"class_list":{"0":"post-690","1":"product","2":"type-product","3":"status-publish","4":"has-post-thumbnail","6":"product_cat-konearendus","7":"desktop-align-center","8":"tablet-align-left","9":"mobile-align-left","11":"first","12":"instock","13":"taxable","14":"shipping-taxable","15":"purchasable","16":"product-type-variable"},"yoast_head":"<!-- This site is optimized with the Yoast SEO plugin v27.3 - https:\/\/yoast.com\/product\/yoast-seo-wordpress\/ -->\n<title>Osastava k\u00e4\u00e4nde \u00f5ppem\u00e4ng - K\u00f5nemull<\/title>\n<meta name=\"robots\" content=\"index, follow, max-snippet:-1, max-image-preview:large, max-video-preview:-1\" \/>\n<link rel=\"canonical\" href=\"https:\/\/www.konemull.ee\/en\/product\/osastava-kaande-oppemang\/\" \/>\n<meta property=\"og:locale\" content=\"en_US\" \/>\n<meta property=\"og:type\" content=\"article\" \/>\n<meta property=\"og:title\" content=\"Osastava k\u00e4\u00e4nde \u00f5ppem\u00e4ng - K\u00f5nemull\" \/>\n<meta property=\"og:description\" content=\"M\u00e4ngu abil on v\u00f5imalik lastele \u00f5petada osastava k\u00e4\u00e4nde erinevaid l\u00f5puvariante. Pildimaterjal on kategoriseeritud l\u00f5puvariantide j\u00e4rgi ning kategooriad on t\u00e4histatud erinevate v\u00e4rvidega, et pilte lihtsam eristada oleks. Pildimaterjali toel saab lastele \u00f5petada ka osastava k\u00e4\u00e4nde ainsuse ja mitmuse eristamist. &nbsp;  L\u00f5puvariantide kinnistamiseks on komplektis kolm m\u00e4ngu:   K\u00e4\u00e4ndekollid  Supi keetmine  Mida sa aknast n\u00e4ed?  &nbsp;  NB! PDF-formaadis m\u00e4ngud saate alla laadida kohe p\u00e4rast tasumist veebilehelt v\u00f5i e-mailile saadetud arvelt.\" \/>\n<meta property=\"og:url\" content=\"https:\/\/www.konemull.ee\/en\/product\/osastava-kaande-oppemang\/\" \/>\n<meta property=\"og:site_name\" content=\"K\u00f5nemull\" \/>\n<meta property=\"article:modified_time\" content=\"2025-10-30T20:24:51+00:00\" \/>\n<meta property=\"og:image\" content=\"https:\/\/konemull.ee\/wp-content\/uploads\/2025\/01\/39.png\" \/>\n\t<meta property=\"og:image:width\" content=\"1000\" \/>\n\t<meta property=\"og:image:height\" content=\"1000\" \/>\n\t<meta property=\"og:image:type\" content=\"image\/png\" \/>\n<meta name=\"twitter:card\" content=\"summary_large_image\" \/>\n<meta name=\"twitter:label1\" content=\"Est. reading time\" \/>\n\t<meta name=\"twitter:data1\" content=\"1 minute\" \/>\n<script type=\"application\/ld+json\" class=\"yoast-schema-graph\">{\"@context\":\"https:\\\/\\\/schema.org\",\"@graph\":[{\"@type\":\"WebPage\",\"@id\":\"https:\\\/\\\/www.konemull.ee\\\/en\\\/product\\\/osastava-kaande-oppemang\\\/\",\"url\":\"https:\\\/\\\/www.konemull.ee\\\/en\\\/product\\\/osastava-kaande-oppemang\\\/\",\"name\":\"Osastava k\u00e4\u00e4nde \u00f5ppem\u00e4ng - K\u00f5nemull\",\"isPartOf\":{\"@id\":\"https:\\\/\\\/konemull.ee\\\/en\\\/#website\"},\"primaryImageOfPage\":{\"@id\":\"https:\\\/\\\/www.konemull.ee\\\/en\\\/product\\\/osastava-kaande-oppemang\\\/#primaryimage\"},\"image\":{\"@id\":\"https:\\\/\\\/www.konemull.ee\\\/en\\\/product\\\/osastava-kaande-oppemang\\\/#primaryimage\"},\"thumbnailUrl\":\"https:\\\/\\\/www.konemull.ee\\\/wp-content\\\/uploads\\\/2025\\\/01\\\/39.png\",\"datePublished\":\"2025-01-31T09:00:02+00:00\",\"dateModified\":\"2025-10-30T20:24:51+00:00\",\"breadcrumb\":{\"@id\":\"https:\\\/\\\/www.konemull.ee\\\/en\\\/product\\\/osastava-kaande-oppemang\\\/#breadcrumb\"},\"inLanguage\":\"en-US\",\"potentialAction\":[{\"@type\":\"ReadAction\",\"target\":[\"https:\\\/\\\/www.konemull.ee\\\/en\\\/product\\\/osastava-kaande-oppemang\\\/\"]}]},{\"@type\":\"ImageObject\",\"inLanguage\":\"en-US\",\"@id\":\"https:\\\/\\\/www.konemull.ee\\\/en\\\/product\\\/osastava-kaande-oppemang\\\/#primaryimage\",\"url\":\"https:\\\/\\\/www.konemull.ee\\\/wp-content\\\/uploads\\\/2025\\\/01\\\/39.png\",\"contentUrl\":\"https:\\\/\\\/www.konemull.ee\\\/wp-content\\\/uploads\\\/2025\\\/01\\\/39.png\",\"width\":1000,\"height\":1000},{\"@type\":\"BreadcrumbList\",\"@id\":\"https:\\\/\\\/www.konemull.ee\\\/en\\\/product\\\/osastava-kaande-oppemang\\\/#breadcrumb\",\"itemListElement\":[{\"@type\":\"ListItem\",\"position\":1,\"name\":\"Home\",\"item\":\"https:\\\/\\\/konemull.ee\\\/en\\\/\"},{\"@type\":\"ListItem\",\"position\":2,\"name\":\"Tooted\",\"item\":\"https:\\\/\\\/konemull.ee\\\/en\\\/tooted\\\/\"},{\"@type\":\"ListItem\",\"position\":3,\"name\":\"Osastava k\u00e4\u00e4nde \u00f5ppem\u00e4ng\"}]},{\"@type\":\"WebSite\",\"@id\":\"https:\\\/\\\/konemull.ee\\\/en\\\/#website\",\"url\":\"https:\\\/\\\/konemull.ee\\\/en\\\/\",\"name\":\"K\u00f5nemull\",\"description\":\"\",\"publisher\":{\"@id\":\"https:\\\/\\\/konemull.ee\\\/en\\\/#organization\"},\"potentialAction\":[{\"@type\":\"SearchAction\",\"target\":{\"@type\":\"EntryPoint\",\"urlTemplate\":\"https:\\\/\\\/konemull.ee\\\/en\\\/?s={search_term_string}\"},\"query-input\":{\"@type\":\"PropertyValueSpecification\",\"valueRequired\":true,\"valueName\":\"search_term_string\"}}],\"inLanguage\":\"en-US\"},{\"@type\":\"Organization\",\"@id\":\"https:\\\/\\\/konemull.ee\\\/en\\\/#organization\",\"name\":\"K\u00f5nemull\",\"url\":\"https:\\\/\\\/konemull.ee\\\/en\\\/\",\"logo\":{\"@type\":\"ImageObject\",\"inLanguage\":\"en-US\",\"@id\":\"https:\\\/\\\/konemull.ee\\\/en\\\/#\\\/schema\\\/logo\\\/image\\\/\",\"url\":\"https:\\\/\\\/www.konemull.ee\\\/wp-content\\\/uploads\\\/2024\\\/01\\\/TransparentKoneMull.png\",\"contentUrl\":\"https:\\\/\\\/www.konemull.ee\\\/wp-content\\\/uploads\\\/2024\\\/01\\\/TransparentKoneMull.png\",\"width\":500,\"height\":500,\"caption\":\"K\u00f5nemull\"},\"image\":{\"@id\":\"https:\\\/\\\/konemull.ee\\\/en\\\/#\\\/schema\\\/logo\\\/image\\\/\"}}]}<\/script>\n<!-- \/ Yoast SEO plugin. -->","yoast_head_json":{"title":"Osastava k\u00e4\u00e4nde \u00f5ppem\u00e4ng - K\u00f5nemull","robots":{"index":"index","follow":"follow","max-snippet":"max-snippet:-1","max-image-preview":"max-image-preview:large","max-video-preview":"max-video-preview:-1"},"canonical":"https:\/\/www.konemull.ee\/en\/product\/osastava-kaande-oppemang\/","og_locale":"en_US","og_type":"article","og_title":"Osastava k\u00e4\u00e4nde \u00f5ppem\u00e4ng - K\u00f5nemull","og_description":"M\u00e4ngu abil on v\u00f5imalik lastele \u00f5petada osastava k\u00e4\u00e4nde erinevaid l\u00f5puvariante. Pildimaterjal on kategoriseeritud l\u00f5puvariantide j\u00e4rgi ning kategooriad on t\u00e4histatud erinevate v\u00e4rvidega, et pilte lihtsam eristada oleks. Pildimaterjali toel saab lastele \u00f5petada ka osastava k\u00e4\u00e4nde ainsuse ja mitmuse eristamist. &nbsp;  L\u00f5puvariantide kinnistamiseks on komplektis kolm m\u00e4ngu:   K\u00e4\u00e4ndekollid  Supi keetmine  Mida sa aknast n\u00e4ed?  &nbsp;  NB! PDF-formaadis m\u00e4ngud saate alla laadida kohe p\u00e4rast tasumist veebilehelt v\u00f5i e-mailile saadetud arvelt.","og_url":"https:\/\/www.konemull.ee\/en\/product\/osastava-kaande-oppemang\/","og_site_name":"K\u00f5nemull","article_modified_time":"2025-10-30T20:24:51+00:00","og_image":[{"width":1000,"height":1000,"url":"https:\/\/konemull.ee\/wp-content\/uploads\/2025\/01\/39.png","type":"image\/png"}],"twitter_card":"summary_large_image","twitter_misc":{"Est. reading time":"1 minute"},"schema":{"@context":"https:\/\/schema.org","@graph":[{"@type":"WebPage","@id":"https:\/\/www.konemull.ee\/en\/product\/osastava-kaande-oppemang\/","url":"https:\/\/www.konemull.ee\/en\/product\/osastava-kaande-oppemang\/","name":"Osastava k\u00e4\u00e4nde \u00f5ppem\u00e4ng - K\u00f5nemull","isPartOf":{"@id":"https:\/\/konemull.ee\/en\/#website"},"primaryImageOfPage":{"@id":"https:\/\/www.konemull.ee\/en\/product\/osastava-kaande-oppemang\/#primaryimage"},"image":{"@id":"https:\/\/www.konemull.ee\/en\/product\/osastava-kaande-oppemang\/#primaryimage"},"thumbnailUrl":"https:\/\/www.konemull.ee\/wp-content\/uploads\/2025\/01\/39.png","datePublished":"2025-01-31T09:00:02+00:00","dateModified":"2025-10-30T20:24:51+00:00","breadcrumb":{"@id":"https:\/\/www.konemull.ee\/en\/product\/osastava-kaande-oppemang\/#breadcrumb"},"inLanguage":"en-US","potentialAction":[{"@type":"ReadAction","target":["https:\/\/www.konemull.ee\/en\/product\/osastava-kaande-oppemang\/"]}]},{"@type":"ImageObject","inLanguage":"en-US","@id":"https:\/\/www.konemull.ee\/en\/product\/osastava-kaande-oppemang\/#primaryimage","url":"https:\/\/www.konemull.ee\/wp-content\/uploads\/2025\/01\/39.png","contentUrl":"https:\/\/www.konemull.ee\/wp-content\/uploads\/2025\/01\/39.png","width":1000,"height":1000},{"@type":"BreadcrumbList","@id":"https:\/\/www.konemull.ee\/en\/product\/osastava-kaande-oppemang\/#breadcrumb","itemListElement":[{"@type":"ListItem","position":1,"name":"Home","item":"https:\/\/konemull.ee\/en\/"},{"@type":"ListItem","position":2,"name":"Tooted","item":"https:\/\/konemull.ee\/en\/tooted\/"},{"@type":"ListItem","position":3,"name":"Osastava k\u00e4\u00e4nde \u00f5ppem\u00e4ng"}]},{"@type":"WebSite","@id":"https:\/\/konemull.ee\/en\/#website","url":"https:\/\/konemull.ee\/en\/","name":"K\u00f5nemull","description":"","publisher":{"@id":"https:\/\/konemull.ee\/en\/#organization"},"potentialAction":[{"@type":"SearchAction","target":{"@type":"EntryPoint","urlTemplate":"https:\/\/konemull.ee\/en\/?s={search_term_string}"},"query-input":{"@type":"PropertyValueSpecification","valueRequired":true,"valueName":"search_term_string"}}],"inLanguage":"en-US"},{"@type":"Organization","@id":"https:\/\/konemull.ee\/en\/#organization","name":"K\u00f5nemull","url":"https:\/\/konemull.ee\/en\/","logo":{"@type":"ImageObject","inLanguage":"en-US","@id":"https:\/\/konemull.ee\/en\/#\/schema\/logo\/image\/","url":"https:\/\/www.konemull.ee\/wp-content\/uploads\/2024\/01\/TransparentKoneMull.png","contentUrl":"https:\/\/www.konemull.ee\/wp-content\/uploads\/2024\/01\/TransparentKoneMull.png","width":500,"height":500,"caption":"K\u00f5nemull"},"image":{"@id":"https:\/\/konemull.ee\/en\/#\/schema\/logo\/image\/"}}]}},"_links":{"self":[{"href":"https:\/\/www.konemull.ee\/en\/wp-json\/wp\/v2\/product\/690","targetHints":{"allow":["GET"]}}],"collection":[{"href":"https:\/\/www.konemull.ee\/en\/wp-json\/wp\/v2\/product"}],"about":[{"href":"https:\/\/www.konemull.ee\/en\/wp-json\/wp\/v2\/types\/product"}],"replies":[{"embeddable":true,"href":"https:\/\/www.konemull.ee\/en\/wp-json\/wp\/v2\/comments?post=690"}],"wp:featuredmedia":[{"embeddable":true,"href":"https:\/\/www.konemull.ee\/en\/wp-json\/wp\/v2\/media\/693"}],"wp:attachment":[{"href":"https:\/\/www.konemull.ee\/en\/wp-json\/wp\/v2\/media?parent=690"}],"wp:term":[{"taxonomy":"product_brand","embeddable":true,"href":"https:\/\/www.konemull.ee\/en\/wp-json\/wp\/v2\/product_brand?post=690"},{"taxonomy":"product_cat","embeddable":true,"href":"https:\/\/www.konemull.ee\/en\/wp-json\/wp\/v2\/product_cat?post=690"},{"taxonomy":"product_tag","embeddable":true,"href":"https:\/\/www.konemull.ee\/en\/wp-json\/wp\/v2\/product_tag?post=690"}],"curies":[{"name":"wp","href":"https:\/\/api.w.org\/{rel}","templated":true}]}}