{"id":543,"date":"2024-04-23T09:53:58","date_gmt":"2024-04-23T09:53:58","guid":{"rendered":"https:\/\/konemull.ee\/?post_type=product&#038;p=543"},"modified":"2025-10-30T20:25:28","modified_gmt":"2025-10-30T20:25:28","slug":"s-haalik-hambapesu","status":"publish","type":"product","link":"https:\/\/www.konemull.ee\/en\/product\/s-haalik-hambapesu\/","title":{"rendered":"S-h\u00e4\u00e4lik &#8211; hambapesu"},"content":{"rendered":"","protected":false},"excerpt":{"rendered":"<p>Kass Siimu hambad on mustad! Pese Siimu hambad puhtaks ning vaata, mis pilt mustuse alt v\u00e4lja tuleb.<\/p>\n<p>Lamineeri t\u00f6\u00f6lehed v\u00f5i kasuta neid kiletaskus, et oleks v\u00f5imalik pilte viltpliiatsiga v\u00e4rvida. Kiletatud materjalilt tuleb viltpliiats v\u00f5i marker kergesti maha des.vahendi v\u00f5i spetsiaalse kustutaja abil.<\/p>\n<p>Komplekti kuulub 6 t\u00f6\u00f6lehte:<\/p>\n<ul>\n<li>S-h\u00e4\u00e4lik s\u00f5na alguses<\/li>\n<li>S-h\u00e4\u00e4lik s\u00f5na l\u00f5pus<\/li>\n<li>S-h\u00e4\u00e4lik s\u00f5nas vokaalide vahel<\/li>\n<li>S-h\u00e4\u00e4lik kaash\u00e4\u00e4liku\u00fchendis<\/li>\n<li>S-h\u00e4\u00e4lik s\u00f5nas erinevas positsioonis (2 lk)<\/li>\n<\/ul>\n<p>&nbsp;<\/p>\n<p><em>NB! PDF-formaadis m\u00e4ngud saate alla laadida kohe p\u00e4rast tasumist veebilehelt v\u00f5i e-mailile saadetud arvelt.<\/em><\/p>","protected":false},"featured_media":545,"comment_status":"open","ping_status":"closed","template":"","meta":{"site-sidebar-layout":"default","site-content-layout":"","ast-site-content-layout":"default","site-content-style":"default","site-sidebar-style":"default","ast-global-header-display":"","ast-banner-title-visibility":"","ast-main-header-display":"","ast-hfb-above-header-display":"","ast-hfb-below-header-display":"","ast-hfb-mobile-header-display":"","site-post-title":"","ast-breadcrumbs-content":"","ast-featured-img":"","footer-sml-layout":"","ast-disable-related-posts":"","theme-transparent-header-meta":"default","adv-header-id-meta":"","stick-header-meta":"","header-above-stick-meta":"","header-main-stick-meta":"","header-below-stick-meta":"","astra-migrate-meta-layouts":"set","ast-page-background-enabled":"default","ast-page-background-meta":{"desktop":{"background-color":"var(--ast-global-color-4)","background-image":"","background-repeat":"repeat","background-position":"center center","background-size":"auto","background-attachment":"scroll","background-type":"","background-media":"","overlay-type":"","overlay-color":"","overlay-opacity":"","overlay-gradient":""},"tablet":{"background-color":"","background-image":"","background-repeat":"repeat","background-position":"center center","background-size":"auto","background-attachment":"scroll","background-type":"","background-media":"","overlay-type":"","overlay-color":"","overlay-opacity":"","overlay-gradient":""},"mobile":{"background-color":"","background-image":"","background-repeat":"repeat","background-position":"center center","background-size":"auto","background-attachment":"scroll","background-type":"","background-media":"","overlay-type":"","overlay-color":"","overlay-opacity":"","overlay-gradient":""}},"ast-content-background-meta":{"desktop":{"background-color":"var(--ast-global-color-5)","background-image":"","background-repeat":"repeat","background-position":"center center","background-size":"auto","background-attachment":"scroll","background-type":"","background-media":"","overlay-type":"","overlay-color":"","overlay-opacity":"","overlay-gradient":""},"tablet":{"background-color":"var(--ast-global-color-5)","background-image":"","background-repeat":"repeat","background-position":"center center","background-size":"auto","background-attachment":"scroll","background-type":"","background-media":"","overlay-type":"","overlay-color":"","overlay-opacity":"","overlay-gradient":""},"mobile":{"background-color":"var(--ast-global-color-5)","background-image":"","background-repeat":"repeat","background-position":"center center","background-size":"auto","background-attachment":"scroll","background-type":"","background-media":"","overlay-type":"","overlay-color":"","overlay-opacity":"","overlay-gradient":""}}},"product_brand":[],"product_cat":[29],"product_tag":[],"class_list":{"0":"post-543","1":"product","2":"type-product","3":"status-publish","4":"has-post-thumbnail","6":"product_cat-haalikumangud","7":"desktop-align-center","8":"tablet-align-left","9":"mobile-align-left","11":"first","12":"instock","13":"taxable","14":"shipping-taxable","15":"purchasable","16":"product-type-variable"},"yoast_head":"<!-- This site is optimized with the Yoast SEO plugin v27.3 - https:\/\/yoast.com\/product\/yoast-seo-wordpress\/ -->\n<title>S-h\u00e4\u00e4lik - hambapesu - K\u00f5nemull<\/title>\n<meta name=\"robots\" content=\"index, follow, max-snippet:-1, max-image-preview:large, max-video-preview:-1\" \/>\n<link rel=\"canonical\" href=\"https:\/\/www.konemull.ee\/en\/product\/s-haalik-hambapesu\/\" \/>\n<meta property=\"og:locale\" content=\"en_US\" \/>\n<meta property=\"og:type\" content=\"article\" \/>\n<meta property=\"og:title\" content=\"S-h\u00e4\u00e4lik - hambapesu - K\u00f5nemull\" \/>\n<meta property=\"og:description\" content=\"Kass Siimu hambad on mustad! Pese Siimu hambad puhtaks ning vaata, mis pilt mustuse alt v\u00e4lja tuleb.  Lamineeri t\u00f6\u00f6lehed v\u00f5i kasuta neid kiletaskus, et oleks v\u00f5imalik pilte viltpliiatsiga v\u00e4rvida. Kiletatud materjalilt tuleb viltpliiats v\u00f5i marker kergesti maha des.vahendi v\u00f5i spetsiaalse kustutaja abil.  Komplekti kuulub 6 t\u00f6\u00f6lehte:   S-h\u00e4\u00e4lik s\u00f5na alguses  S-h\u00e4\u00e4lik s\u00f5na l\u00f5pus  S-h\u00e4\u00e4lik s\u00f5nas vokaalide vahel  S-h\u00e4\u00e4lik kaash\u00e4\u00e4liku\u00fchendis  S-h\u00e4\u00e4lik s\u00f5nas erinevas positsioonis (2 lk)  &nbsp;  NB! PDF-formaadis m\u00e4ngud saate alla laadida kohe p\u00e4rast tasumist veebilehelt v\u00f5i e-mailile saadetud arvelt.\" \/>\n<meta property=\"og:url\" content=\"https:\/\/www.konemull.ee\/en\/product\/s-haalik-hambapesu\/\" \/>\n<meta property=\"og:site_name\" content=\"K\u00f5nemull\" \/>\n<meta property=\"article:modified_time\" content=\"2025-10-30T20:25:28+00:00\" \/>\n<meta property=\"og:image\" content=\"https:\/\/www.konemull.ee\/wp-content\/uploads\/2024\/04\/Kodulehe-pildid-2.png\" \/>\n\t<meta property=\"og:image:width\" content=\"1000\" \/>\n\t<meta property=\"og:image:height\" content=\"1000\" \/>\n\t<meta property=\"og:image:type\" content=\"image\/png\" \/>\n<meta name=\"twitter:card\" content=\"summary_large_image\" \/>\n<meta name=\"twitter:label1\" content=\"Est. reading time\" \/>\n\t<meta name=\"twitter:data1\" content=\"1 minute\" \/>\n<script type=\"application\/ld+json\" class=\"yoast-schema-graph\">{\"@context\":\"https:\\\/\\\/schema.org\",\"@graph\":[{\"@type\":\"WebPage\",\"@id\":\"https:\\\/\\\/www.konemull.ee\\\/en\\\/product\\\/s-haalik-hambapesu\\\/\",\"url\":\"https:\\\/\\\/www.konemull.ee\\\/en\\\/product\\\/s-haalik-hambapesu\\\/\",\"name\":\"S-h\u00e4\u00e4lik - hambapesu - K\u00f5nemull\",\"isPartOf\":{\"@id\":\"https:\\\/\\\/konemull.ee\\\/en\\\/#website\"},\"primaryImageOfPage\":{\"@id\":\"https:\\\/\\\/www.konemull.ee\\\/en\\\/product\\\/s-haalik-hambapesu\\\/#primaryimage\"},\"image\":{\"@id\":\"https:\\\/\\\/www.konemull.ee\\\/en\\\/product\\\/s-haalik-hambapesu\\\/#primaryimage\"},\"thumbnailUrl\":\"https:\\\/\\\/www.konemull.ee\\\/wp-content\\\/uploads\\\/2024\\\/04\\\/Kodulehe-pildid-2.png\",\"datePublished\":\"2024-04-23T09:53:58+00:00\",\"dateModified\":\"2025-10-30T20:25:28+00:00\",\"breadcrumb\":{\"@id\":\"https:\\\/\\\/www.konemull.ee\\\/en\\\/product\\\/s-haalik-hambapesu\\\/#breadcrumb\"},\"inLanguage\":\"en-US\",\"potentialAction\":[{\"@type\":\"ReadAction\",\"target\":[\"https:\\\/\\\/www.konemull.ee\\\/en\\\/product\\\/s-haalik-hambapesu\\\/\"]}]},{\"@type\":\"ImageObject\",\"inLanguage\":\"en-US\",\"@id\":\"https:\\\/\\\/www.konemull.ee\\\/en\\\/product\\\/s-haalik-hambapesu\\\/#primaryimage\",\"url\":\"https:\\\/\\\/www.konemull.ee\\\/wp-content\\\/uploads\\\/2024\\\/04\\\/Kodulehe-pildid-2.png\",\"contentUrl\":\"https:\\\/\\\/www.konemull.ee\\\/wp-content\\\/uploads\\\/2024\\\/04\\\/Kodulehe-pildid-2.png\",\"width\":1000,\"height\":1000},{\"@type\":\"BreadcrumbList\",\"@id\":\"https:\\\/\\\/www.konemull.ee\\\/en\\\/product\\\/s-haalik-hambapesu\\\/#breadcrumb\",\"itemListElement\":[{\"@type\":\"ListItem\",\"position\":1,\"name\":\"Home\",\"item\":\"https:\\\/\\\/konemull.ee\\\/en\\\/\"},{\"@type\":\"ListItem\",\"position\":2,\"name\":\"Tooted\",\"item\":\"https:\\\/\\\/konemull.ee\\\/en\\\/tooted\\\/\"},{\"@type\":\"ListItem\",\"position\":3,\"name\":\"S-h\u00e4\u00e4lik &#8211; hambapesu\"}]},{\"@type\":\"WebSite\",\"@id\":\"https:\\\/\\\/konemull.ee\\\/en\\\/#website\",\"url\":\"https:\\\/\\\/konemull.ee\\\/en\\\/\",\"name\":\"K\u00f5nemull\",\"description\":\"\",\"publisher\":{\"@id\":\"https:\\\/\\\/konemull.ee\\\/en\\\/#organization\"},\"potentialAction\":[{\"@type\":\"SearchAction\",\"target\":{\"@type\":\"EntryPoint\",\"urlTemplate\":\"https:\\\/\\\/konemull.ee\\\/en\\\/?s={search_term_string}\"},\"query-input\":{\"@type\":\"PropertyValueSpecification\",\"valueRequired\":true,\"valueName\":\"search_term_string\"}}],\"inLanguage\":\"en-US\"},{\"@type\":\"Organization\",\"@id\":\"https:\\\/\\\/konemull.ee\\\/en\\\/#organization\",\"name\":\"K\u00f5nemull\",\"url\":\"https:\\\/\\\/konemull.ee\\\/en\\\/\",\"logo\":{\"@type\":\"ImageObject\",\"inLanguage\":\"en-US\",\"@id\":\"https:\\\/\\\/konemull.ee\\\/en\\\/#\\\/schema\\\/logo\\\/image\\\/\",\"url\":\"https:\\\/\\\/www.konemull.ee\\\/wp-content\\\/uploads\\\/2024\\\/01\\\/TransparentKoneMull.png\",\"contentUrl\":\"https:\\\/\\\/www.konemull.ee\\\/wp-content\\\/uploads\\\/2024\\\/01\\\/TransparentKoneMull.png\",\"width\":500,\"height\":500,\"caption\":\"K\u00f5nemull\"},\"image\":{\"@id\":\"https:\\\/\\\/konemull.ee\\\/en\\\/#\\\/schema\\\/logo\\\/image\\\/\"}}]}<\/script>\n<!-- \/ Yoast SEO plugin. -->","yoast_head_json":{"title":"S-h\u00e4\u00e4lik - hambapesu - K\u00f5nemull","robots":{"index":"index","follow":"follow","max-snippet":"max-snippet:-1","max-image-preview":"max-image-preview:large","max-video-preview":"max-video-preview:-1"},"canonical":"https:\/\/www.konemull.ee\/en\/product\/s-haalik-hambapesu\/","og_locale":"en_US","og_type":"article","og_title":"S-h\u00e4\u00e4lik - hambapesu - K\u00f5nemull","og_description":"Kass Siimu hambad on mustad! Pese Siimu hambad puhtaks ning vaata, mis pilt mustuse alt v\u00e4lja tuleb.  Lamineeri t\u00f6\u00f6lehed v\u00f5i kasuta neid kiletaskus, et oleks v\u00f5imalik pilte viltpliiatsiga v\u00e4rvida. Kiletatud materjalilt tuleb viltpliiats v\u00f5i marker kergesti maha des.vahendi v\u00f5i spetsiaalse kustutaja abil.  Komplekti kuulub 6 t\u00f6\u00f6lehte:   S-h\u00e4\u00e4lik s\u00f5na alguses  S-h\u00e4\u00e4lik s\u00f5na l\u00f5pus  S-h\u00e4\u00e4lik s\u00f5nas vokaalide vahel  S-h\u00e4\u00e4lik kaash\u00e4\u00e4liku\u00fchendis  S-h\u00e4\u00e4lik s\u00f5nas erinevas positsioonis (2 lk)  &nbsp;  NB! PDF-formaadis m\u00e4ngud saate alla laadida kohe p\u00e4rast tasumist veebilehelt v\u00f5i e-mailile saadetud arvelt.","og_url":"https:\/\/www.konemull.ee\/en\/product\/s-haalik-hambapesu\/","og_site_name":"K\u00f5nemull","article_modified_time":"2025-10-30T20:25:28+00:00","og_image":[{"width":1000,"height":1000,"url":"https:\/\/www.konemull.ee\/wp-content\/uploads\/2024\/04\/Kodulehe-pildid-2.png","type":"image\/png"}],"twitter_card":"summary_large_image","twitter_misc":{"Est. reading time":"1 minute"},"schema":{"@context":"https:\/\/schema.org","@graph":[{"@type":"WebPage","@id":"https:\/\/www.konemull.ee\/en\/product\/s-haalik-hambapesu\/","url":"https:\/\/www.konemull.ee\/en\/product\/s-haalik-hambapesu\/","name":"S-h\u00e4\u00e4lik - hambapesu - K\u00f5nemull","isPartOf":{"@id":"https:\/\/konemull.ee\/en\/#website"},"primaryImageOfPage":{"@id":"https:\/\/www.konemull.ee\/en\/product\/s-haalik-hambapesu\/#primaryimage"},"image":{"@id":"https:\/\/www.konemull.ee\/en\/product\/s-haalik-hambapesu\/#primaryimage"},"thumbnailUrl":"https:\/\/www.konemull.ee\/wp-content\/uploads\/2024\/04\/Kodulehe-pildid-2.png","datePublished":"2024-04-23T09:53:58+00:00","dateModified":"2025-10-30T20:25:28+00:00","breadcrumb":{"@id":"https:\/\/www.konemull.ee\/en\/product\/s-haalik-hambapesu\/#breadcrumb"},"inLanguage":"en-US","potentialAction":[{"@type":"ReadAction","target":["https:\/\/www.konemull.ee\/en\/product\/s-haalik-hambapesu\/"]}]},{"@type":"ImageObject","inLanguage":"en-US","@id":"https:\/\/www.konemull.ee\/en\/product\/s-haalik-hambapesu\/#primaryimage","url":"https:\/\/www.konemull.ee\/wp-content\/uploads\/2024\/04\/Kodulehe-pildid-2.png","contentUrl":"https:\/\/www.konemull.ee\/wp-content\/uploads\/2024\/04\/Kodulehe-pildid-2.png","width":1000,"height":1000},{"@type":"BreadcrumbList","@id":"https:\/\/www.konemull.ee\/en\/product\/s-haalik-hambapesu\/#breadcrumb","itemListElement":[{"@type":"ListItem","position":1,"name":"Home","item":"https:\/\/konemull.ee\/en\/"},{"@type":"ListItem","position":2,"name":"Tooted","item":"https:\/\/konemull.ee\/en\/tooted\/"},{"@type":"ListItem","position":3,"name":"S-h\u00e4\u00e4lik &#8211; hambapesu"}]},{"@type":"WebSite","@id":"https:\/\/konemull.ee\/en\/#website","url":"https:\/\/konemull.ee\/en\/","name":"K\u00f5nemull","description":"","publisher":{"@id":"https:\/\/konemull.ee\/en\/#organization"},"potentialAction":[{"@type":"SearchAction","target":{"@type":"EntryPoint","urlTemplate":"https:\/\/konemull.ee\/en\/?s={search_term_string}"},"query-input":{"@type":"PropertyValueSpecification","valueRequired":true,"valueName":"search_term_string"}}],"inLanguage":"en-US"},{"@type":"Organization","@id":"https:\/\/konemull.ee\/en\/#organization","name":"K\u00f5nemull","url":"https:\/\/konemull.ee\/en\/","logo":{"@type":"ImageObject","inLanguage":"en-US","@id":"https:\/\/konemull.ee\/en\/#\/schema\/logo\/image\/","url":"https:\/\/www.konemull.ee\/wp-content\/uploads\/2024\/01\/TransparentKoneMull.png","contentUrl":"https:\/\/www.konemull.ee\/wp-content\/uploads\/2024\/01\/TransparentKoneMull.png","width":500,"height":500,"caption":"K\u00f5nemull"},"image":{"@id":"https:\/\/konemull.ee\/en\/#\/schema\/logo\/image\/"}}]}},"_links":{"self":[{"href":"https:\/\/www.konemull.ee\/en\/wp-json\/wp\/v2\/product\/543","targetHints":{"allow":["GET"]}}],"collection":[{"href":"https:\/\/www.konemull.ee\/en\/wp-json\/wp\/v2\/product"}],"about":[{"href":"https:\/\/www.konemull.ee\/en\/wp-json\/wp\/v2\/types\/product"}],"replies":[{"embeddable":true,"href":"https:\/\/www.konemull.ee\/en\/wp-json\/wp\/v2\/comments?post=543"}],"wp:featuredmedia":[{"embeddable":true,"href":"https:\/\/www.konemull.ee\/en\/wp-json\/wp\/v2\/media\/545"}],"wp:attachment":[{"href":"https:\/\/www.konemull.ee\/en\/wp-json\/wp\/v2\/media?parent=543"}],"wp:term":[{"taxonomy":"product_brand","embeddable":true,"href":"https:\/\/www.konemull.ee\/en\/wp-json\/wp\/v2\/product_brand?post=543"},{"taxonomy":"product_cat","embeddable":true,"href":"https:\/\/www.konemull.ee\/en\/wp-json\/wp\/v2\/product_cat?post=543"},{"taxonomy":"product_tag","embeddable":true,"href":"https:\/\/www.konemull.ee\/en\/wp-json\/wp\/v2\/product_tag?post=543"}],"curies":[{"name":"wp","href":"https:\/\/api.w.org\/{rel}","templated":true}]}}