{"id":24,"date":"2024-01-10T13:09:55","date_gmt":"2024-01-10T13:09:55","guid":{"rendered":"https:\/\/konemull.ee\/?page_id=24"},"modified":"2024-01-16T20:19:08","modified_gmt":"2024-01-16T20:19:08","slug":"konemullist","status":"publish","type":"page","link":"https:\/\/www.konemull.ee\/en\/konemullist\/","title":{"rendered":"K\u00f5nemullist"},"content":{"rendered":"<div data-elementor-type=\"wp-page\" data-elementor-id=\"24\" class=\"elementor elementor-24\">\n\t\t\t\t<div class=\"elementor-element elementor-element-acc36d4 e-flex e-con-boxed e-con e-parent\" data-id=\"acc36d4\" data-element_type=\"container\" data-e-type=\"container\">\n\t\t\t\t\t<div class=\"e-con-inner\">\n\t\t\t\t<div class=\"elementor-element elementor-element-6cc8bb5 elementor-widget elementor-widget-spacer\" data-id=\"6cc8bb5\" data-element_type=\"widget\" data-e-type=\"widget\" data-widget_type=\"spacer.default\">\n\t\t\t\t<div class=\"elementor-widget-container\">\n\t\t\t\t\t\t\t<div class=\"elementor-spacer\">\n\t\t\t<div class=\"elementor-spacer-inner\"><\/div>\n\t\t<\/div>\n\t\t\t\t\t\t<\/div>\n\t\t\t\t<\/div>\n\t\t\t\t<div class=\"elementor-element elementor-element-81d30c4 elementor-widget elementor-widget-heading\" data-id=\"81d30c4\" data-element_type=\"widget\" data-e-type=\"widget\" data-widget_type=\"heading.default\">\n\t\t\t\t<div class=\"elementor-widget-container\">\n\t\t\t\t\t<h2 class=\"elementor-heading-title elementor-size-default\">K\u00f5nemullist<\/h2>\t\t\t\t<\/div>\n\t\t\t\t<\/div>\n\t\t\t\t\t<\/div>\n\t\t\t\t<\/div>\n\t\t<div class=\"elementor-element elementor-element-36c191a e-flex e-con-boxed e-con e-parent\" data-id=\"36c191a\" data-element_type=\"container\" data-e-type=\"container\">\n\t\t\t\t\t<div class=\"e-con-inner\">\n\t\t\t\t<div class=\"elementor-element elementor-element-a911912 elementor-widget__width-initial elementor-widget elementor-widget-text-editor\" data-id=\"a911912\" data-element_type=\"widget\" data-e-type=\"widget\" data-widget_type=\"text-editor.default\">\n\t\t\t\t<div class=\"elementor-widget-container\">\n\t\t\t\t\t\t\t\t\t<p>Tere, mina olen K\u00f5nemulli logopeed Gaisa Akkaja! \ud83e\udee7<br \/>T\u00f6\u00f6tava spetsialistina valmistan igap\u00e4evaselt lasteaiaealistele lastele erinevaid \u00f5ppem\u00e4nge ja -vahendeid, et oma armsate p\u00f5nnide teraapiatunde huvitava, tegusa ja vahvana hoida.\u00a0<br \/>Kuna eestikeelseid k\u00f5nearenduslikke m\u00e4nge on v\u00e4he, siis s\u00fcndiski K\u00f5nemull, et:<br \/>&#8211; pakkuda lastele mitmekesisemaid m\u00e4nge<br \/>&#8211; pakkuda lastele selliseid m\u00e4nge, mis l\u00e4htuksid nende huvist<br \/>&#8211; iseenda \u201cm\u00e4nguriiulit\u201d suurendada<\/p><p>K\u00f5nemull \ud83e\udee7 pakub erinevaid f\u00fc\u00fcsilisi ja digitaalseid t\u00f6\u00f6lehti ja \u00f5ppem\u00e4nge, et laste k\u00f5ne arengut toetada. Valikust leiad nii h\u00e4\u00e4likuseade, s\u00f5navara ja lauseloome ning kirjaliku k\u00f5ne eeloskuste harjutamiseks m\u00f5eldud materjali.\u00a0<br \/>K\u00f5nemulli m\u00e4ngud sobivad nii spetsialistidele (\u00f5petajad, eripedagoogid, logopeedid) kui ka lapsevanematele. Iga digitaalse \u00f5ppevahendiga on kaasas juhend, kuidas m\u00e4ngu kasutada.\u00a0<\/p><p><strong>Hea teada!<\/strong><\/p><p>Kui ostate virtuaalseid tooteid (PDF formaadis \u00f5ppem\u00e4nge), siis saate tooted alla laadida kohe p\u00e4rast tasumist veebilehelt v\u00f5i e-mailile saadetud arvelt.<\/p><p>K\u00f5nemulli tooted on m\u00f5eldud kasutamiseks ainult \u00f5ppetegevustes v\u00f5i isiklikuks tarbeks. Meie \u00f5ppem\u00e4ngud ei ole m\u00f5eldud teistega jagamiseks ega edasi m\u00fc\u00fcmiseks!\u00a0<\/p><p>K\u00f5nemulli tooteid on v\u00f5imalik osta ka asutuse ja ettev\u00f5tte kaudu. Selleks vali ostukorvis <strong>e-arve<\/strong> v\u00f5imalus. Palume lisada m\u00e4rkuste reale e-arve saaja andmed (ettev\u00f5tte\/asutuse nimi, aadress, reg.nr).<\/p>\t\t\t\t\t\t\t\t<\/div>\n\t\t\t\t<\/div>\n\t\t\t\t\t<\/div>\n\t\t\t\t<\/div>\n\t\t\t\t<\/div>","protected":false},"excerpt":{"rendered":"<p>K\u00f5nemullist Tere, mina olen K\u00f5nemulli logopeed Gaisa Akkaja! \ud83e\udee7T\u00f6\u00f6tava spetsialistina valmistan igap\u00e4evaselt lasteaiaealistele lastele erinevaid \u00f5ppem\u00e4nge ja -vahendeid, et oma [&hellip;]<\/p>\n","protected":false},"author":1,"featured_media":0,"parent":0,"menu_order":0,"comment_status":"closed","ping_status":"closed","template":"","meta":{"site-sidebar-layout":"no-sidebar","site-content-layout":"","ast-site-content-layout":"full-width-container","site-content-style":"default","site-sidebar-style":"default","ast-global-header-display":"","ast-banner-title-visibility":"","ast-main-header-display":"","ast-hfb-above-header-display":"","ast-hfb-below-header-display":"","ast-hfb-mobile-header-display":"","site-post-title":"disabled","ast-breadcrumbs-content":"","ast-featured-img":"disabled","footer-sml-layout":"","ast-disable-related-posts":"","theme-transparent-header-meta":"","adv-header-id-meta":"","stick-header-meta":"","header-above-stick-meta":"","header-main-stick-meta":"","header-below-stick-meta":"","astra-migrate-meta-layouts":"default","ast-page-background-enabled":"default","ast-page-background-meta":{"desktop":{"background-color":"var(--ast-global-color-4)","background-image":"","background-repeat":"repeat","background-position":"center center","background-size":"auto","background-attachment":"scroll","background-type":"","background-media":"","overlay-type":"","overlay-color":"","overlay-opacity":"","overlay-gradient":""},"tablet":{"background-color":"","background-image":"","background-repeat":"repeat","background-position":"center center","background-size":"auto","background-attachment":"scroll","background-type":"","background-media":"","overlay-type":"","overlay-color":"","overlay-opacity":"","overlay-gradient":""},"mobile":{"background-color":"","background-image":"","background-repeat":"repeat","background-position":"center center","background-size":"auto","background-attachment":"scroll","background-type":"","background-media":"","overlay-type":"","overlay-color":"","overlay-opacity":"","overlay-gradient":""}},"ast-content-background-meta":{"desktop":{"background-color":"var(--ast-global-color-5)","background-image":"","background-repeat":"repeat","background-position":"center center","background-size":"auto","background-attachment":"scroll","background-type":"","background-media":"","overlay-type":"","overlay-color":"","overlay-opacity":"","overlay-gradient":""},"tablet":{"background-color":"var(--ast-global-color-5)","background-image":"","background-repeat":"repeat","background-position":"center center","background-size":"auto","background-attachment":"scroll","background-type":"","background-media":"","overlay-type":"","overlay-color":"","overlay-opacity":"","overlay-gradient":""},"mobile":{"background-color":"var(--ast-global-color-5)","background-image":"","background-repeat":"repeat","background-position":"center center","background-size":"auto","background-attachment":"scroll","background-type":"","background-media":"","overlay-type":"","overlay-color":"","overlay-opacity":"","overlay-gradient":""}},"footnotes":""},"class_list":["post-24","page","type-page","status-publish","hentry"],"yoast_head":"<!-- This site is optimized with the Yoast SEO plugin v27.3 - https:\/\/yoast.com\/product\/yoast-seo-wordpress\/ -->\n<title>K\u00f5nemullist - K\u00f5nemull<\/title>\n<meta name=\"robots\" content=\"index, follow, max-snippet:-1, max-image-preview:large, max-video-preview:-1\" \/>\n<link rel=\"canonical\" href=\"https:\/\/konemull.ee\/konemullist\/\" \/>\n<meta property=\"og:locale\" content=\"en_US\" \/>\n<meta property=\"og:type\" content=\"article\" \/>\n<meta property=\"og:title\" content=\"K\u00f5nemullist - K\u00f5nemull\" \/>\n<meta property=\"og:description\" content=\"K\u00f5nemullist Tere, mina olen K\u00f5nemulli logopeed Gaisa Akkaja! \ud83e\udee7T\u00f6\u00f6tava spetsialistina valmistan igap\u00e4evaselt lasteaiaealistele lastele erinevaid \u00f5ppem\u00e4nge ja -vahendeid, et oma [&hellip;]\" \/>\n<meta property=\"og:url\" content=\"https:\/\/konemull.ee\/konemullist\/\" \/>\n<meta property=\"og:site_name\" content=\"K\u00f5nemull\" \/>\n<meta property=\"article:modified_time\" content=\"2024-01-16T20:19:08+00:00\" \/>\n<meta name=\"twitter:card\" content=\"summary_large_image\" \/>\n<meta name=\"twitter:label1\" content=\"Est. reading time\" \/>\n\t<meta name=\"twitter:data1\" content=\"1 minute\" \/>\n<script type=\"application\/ld+json\" class=\"yoast-schema-graph\">{\"@context\":\"https:\\\/\\\/schema.org\",\"@graph\":[{\"@type\":\"WebPage\",\"@id\":\"https:\\\/\\\/konemull.ee\\\/konemullist\\\/\",\"url\":\"https:\\\/\\\/konemull.ee\\\/konemullist\\\/\",\"name\":\"K\u00f5nemullist - K\u00f5nemull\",\"isPartOf\":{\"@id\":\"https:\\\/\\\/konemull.ee\\\/en\\\/#website\"},\"datePublished\":\"2024-01-10T13:09:55+00:00\",\"dateModified\":\"2024-01-16T20:19:08+00:00\",\"breadcrumb\":{\"@id\":\"https:\\\/\\\/konemull.ee\\\/konemullist\\\/#breadcrumb\"},\"inLanguage\":\"en-US\",\"potentialAction\":[{\"@type\":\"ReadAction\",\"target\":[\"https:\\\/\\\/konemull.ee\\\/konemullist\\\/\"]}]},{\"@type\":\"BreadcrumbList\",\"@id\":\"https:\\\/\\\/konemull.ee\\\/konemullist\\\/#breadcrumb\",\"itemListElement\":[{\"@type\":\"ListItem\",\"position\":1,\"name\":\"Home\",\"item\":\"https:\\\/\\\/konemull.ee\\\/en\\\/\"},{\"@type\":\"ListItem\",\"position\":2,\"name\":\"K\u00f5nemullist\"}]},{\"@type\":\"WebSite\",\"@id\":\"https:\\\/\\\/konemull.ee\\\/en\\\/#website\",\"url\":\"https:\\\/\\\/konemull.ee\\\/en\\\/\",\"name\":\"K\u00f5nemull\",\"description\":\"\",\"publisher\":{\"@id\":\"https:\\\/\\\/konemull.ee\\\/en\\\/#organization\"},\"potentialAction\":[{\"@type\":\"SearchAction\",\"target\":{\"@type\":\"EntryPoint\",\"urlTemplate\":\"https:\\\/\\\/konemull.ee\\\/en\\\/?s={search_term_string}\"},\"query-input\":{\"@type\":\"PropertyValueSpecification\",\"valueRequired\":true,\"valueName\":\"search_term_string\"}}],\"inLanguage\":\"en-US\"},{\"@type\":\"Organization\",\"@id\":\"https:\\\/\\\/konemull.ee\\\/en\\\/#organization\",\"name\":\"K\u00f5nemull\",\"url\":\"https:\\\/\\\/konemull.ee\\\/en\\\/\",\"logo\":{\"@type\":\"ImageObject\",\"inLanguage\":\"en-US\",\"@id\":\"https:\\\/\\\/konemull.ee\\\/en\\\/#\\\/schema\\\/logo\\\/image\\\/\",\"url\":\"https:\\\/\\\/www.konemull.ee\\\/wp-content\\\/uploads\\\/2024\\\/01\\\/TransparentKoneMull.png\",\"contentUrl\":\"https:\\\/\\\/www.konemull.ee\\\/wp-content\\\/uploads\\\/2024\\\/01\\\/TransparentKoneMull.png\",\"width\":500,\"height\":500,\"caption\":\"K\u00f5nemull\"},\"image\":{\"@id\":\"https:\\\/\\\/konemull.ee\\\/en\\\/#\\\/schema\\\/logo\\\/image\\\/\"}}]}<\/script>\n<!-- \/ Yoast SEO plugin. -->","yoast_head_json":{"title":"K\u00f5nemullist - K\u00f5nemull","robots":{"index":"index","follow":"follow","max-snippet":"max-snippet:-1","max-image-preview":"max-image-preview:large","max-video-preview":"max-video-preview:-1"},"canonical":"https:\/\/konemull.ee\/konemullist\/","og_locale":"en_US","og_type":"article","og_title":"K\u00f5nemullist - K\u00f5nemull","og_description":"K\u00f5nemullist Tere, mina olen K\u00f5nemulli logopeed Gaisa Akkaja! \ud83e\udee7T\u00f6\u00f6tava spetsialistina valmistan igap\u00e4evaselt lasteaiaealistele lastele erinevaid \u00f5ppem\u00e4nge ja -vahendeid, et oma [&hellip;]","og_url":"https:\/\/konemull.ee\/konemullist\/","og_site_name":"K\u00f5nemull","article_modified_time":"2024-01-16T20:19:08+00:00","twitter_card":"summary_large_image","twitter_misc":{"Est. reading time":"1 minute"},"schema":{"@context":"https:\/\/schema.org","@graph":[{"@type":"WebPage","@id":"https:\/\/konemull.ee\/konemullist\/","url":"https:\/\/konemull.ee\/konemullist\/","name":"K\u00f5nemullist - K\u00f5nemull","isPartOf":{"@id":"https:\/\/konemull.ee\/en\/#website"},"datePublished":"2024-01-10T13:09:55+00:00","dateModified":"2024-01-16T20:19:08+00:00","breadcrumb":{"@id":"https:\/\/konemull.ee\/konemullist\/#breadcrumb"},"inLanguage":"en-US","potentialAction":[{"@type":"ReadAction","target":["https:\/\/konemull.ee\/konemullist\/"]}]},{"@type":"BreadcrumbList","@id":"https:\/\/konemull.ee\/konemullist\/#breadcrumb","itemListElement":[{"@type":"ListItem","position":1,"name":"Home","item":"https:\/\/konemull.ee\/en\/"},{"@type":"ListItem","position":2,"name":"K\u00f5nemullist"}]},{"@type":"WebSite","@id":"https:\/\/konemull.ee\/en\/#website","url":"https:\/\/konemull.ee\/en\/","name":"K\u00f5nemull","description":"","publisher":{"@id":"https:\/\/konemull.ee\/en\/#organization"},"potentialAction":[{"@type":"SearchAction","target":{"@type":"EntryPoint","urlTemplate":"https:\/\/konemull.ee\/en\/?s={search_term_string}"},"query-input":{"@type":"PropertyValueSpecification","valueRequired":true,"valueName":"search_term_string"}}],"inLanguage":"en-US"},{"@type":"Organization","@id":"https:\/\/konemull.ee\/en\/#organization","name":"K\u00f5nemull","url":"https:\/\/konemull.ee\/en\/","logo":{"@type":"ImageObject","inLanguage":"en-US","@id":"https:\/\/konemull.ee\/en\/#\/schema\/logo\/image\/","url":"https:\/\/www.konemull.ee\/wp-content\/uploads\/2024\/01\/TransparentKoneMull.png","contentUrl":"https:\/\/www.konemull.ee\/wp-content\/uploads\/2024\/01\/TransparentKoneMull.png","width":500,"height":500,"caption":"K\u00f5nemull"},"image":{"@id":"https:\/\/konemull.ee\/en\/#\/schema\/logo\/image\/"}}]}},"_links":{"self":[{"href":"https:\/\/www.konemull.ee\/en\/wp-json\/wp\/v2\/pages\/24","targetHints":{"allow":["GET"]}}],"collection":[{"href":"https:\/\/www.konemull.ee\/en\/wp-json\/wp\/v2\/pages"}],"about":[{"href":"https:\/\/www.konemull.ee\/en\/wp-json\/wp\/v2\/types\/page"}],"author":[{"embeddable":true,"href":"https:\/\/www.konemull.ee\/en\/wp-json\/wp\/v2\/users\/1"}],"replies":[{"embeddable":true,"href":"https:\/\/www.konemull.ee\/en\/wp-json\/wp\/v2\/comments?post=24"}],"version-history":[{"count":5,"href":"https:\/\/www.konemull.ee\/en\/wp-json\/wp\/v2\/pages\/24\/revisions"}],"predecessor-version":[{"id":455,"href":"https:\/\/www.konemull.ee\/en\/wp-json\/wp\/v2\/pages\/24\/revisions\/455"}],"wp:attachment":[{"href":"https:\/\/www.konemull.ee\/en\/wp-json\/wp\/v2\/media?parent=24"}],"curies":[{"name":"wp","href":"https:\/\/api.w.org\/{rel}","templated":true}]}}